{"id":19605,"date":"2026-02-10T10:37:30","date_gmt":"2026-02-10T10:37:30","guid":{"rendered":"https:\/\/sardasmeralda.com\/info-service\/"},"modified":"2026-02-10T15:31:55","modified_gmt":"2026-02-10T15:31:55","slug":"info-servizi","status":"publish","type":"page","link":"https:\/\/sardasmeralda.com\/it\/info-servizi\/","title":{"rendered":"Info &#038; Servizi"},"content":{"rendered":"\t\t<div data-elementor-type=\"wp-page\" data-elementor-id=\"19605\" class=\"elementor elementor-19605 elementor-19538\">\n\t\t\t\t<div class=\"elementor-element elementor-element-706a570 e-flex e-con-boxed wpr-particle-no wpr-jarallax-no wpr-parallax-no wpr-sticky-section-no wpr-equal-height-no e-con e-parent\" data-id=\"706a570\" data-element_type=\"container\" data-e-type=\"container\" data-settings=\"{&quot;background_background&quot;:&quot;classic&quot;}\">\n\t\t\t\t\t<div class=\"e-con-inner\">\n\t\t\t\t<div class=\"elementor-element elementor-element-f40294c elementor-widget elementor-widget-heading\" data-id=\"f40294c\" data-element_type=\"widget\" data-e-type=\"widget\" data-widget_type=\"heading.default\">\n\t\t\t\t<div class=\"elementor-widget-container\">\n\t\t\t\t\t<h2 class=\"elementor-heading-title elementor-size-default\">Info &amp; Servizi<\/h2>\t\t\t\t<\/div>\n\t\t\t\t<\/div>\n\t\t\t\t\t<\/div>\n\t\t\t\t<\/div>\n\t\t<div class=\"elementor-element elementor-element-86c4691 e-flex e-con-boxed wpr-particle-no wpr-jarallax-no wpr-parallax-no wpr-sticky-section-no wpr-equal-height-no e-con e-parent\" data-id=\"86c4691\" data-element_type=\"container\" data-e-type=\"container\" data-settings=\"{&quot;background_background&quot;:&quot;classic&quot;}\">\n\t\t\t\t\t<div class=\"e-con-inner\">\n\t\t<div class=\"elementor-element elementor-element-3f811dd e-con-full e-flex wpr-particle-no wpr-jarallax-no wpr-parallax-no wpr-sticky-section-no wpr-equal-height-no e-con e-child\" data-id=\"3f811dd\" data-element_type=\"container\" data-e-type=\"container\">\n\t\t\t\t<div class=\"elementor-element elementor-element-fb14c08 elementor-widget elementor-widget-heading\" data-id=\"fb14c08\" data-element_type=\"widget\" data-e-type=\"widget\" data-widget_type=\"heading.default\">\n\t\t\t\t<div class=\"elementor-widget-container\">\n\t\t\t\t\t<h2 class=\"elementor-heading-title elementor-size-default\">Provvigioni<\/h2>\t\t\t\t<\/div>\n\t\t\t\t<\/div>\n\t\t\t\t<div class=\"elementor-element elementor-element-04a25d1 elementor-widget elementor-widget-text-editor\" data-id=\"04a25d1\" data-element_type=\"widget\" data-e-type=\"widget\" data-widget_type=\"text-editor.default\">\n\t\t\t\t<div class=\"elementor-widget-container\">\n\t\t\t\t\t\t\t\t\t<p>In Italia la provvigione per l\u2019intermediazione immobiliare \u00e8 disciplinata dalla legge ed \u00e8 dovuta sia dall\u2019acquirente sia dal venditore.<\/p><p>La provvigione della nostra agenzia ammonta al 4% del prezzo di vendita concordato per ciascuna parte, oltre IVA come previsto dalla normativa vigente.<\/p><p>Il diritto alla provvigione matura al momento dell\u2019accettazione di una proposta di acquisto vincolante (\u201cProposta di Acquisto\u201d) o, al pi\u00f9 tardi, alla sottoscrizione del contratto preliminare di compravendita (\u201cCompromesso\u201d), a condizione che l\u2019operazione si perfezioni.<br \/><br \/>In tale momento l\u2019attivit\u00e0 di mediazione si considera legalmente conclusa e la provvigione diventa esigibile. Le condizioni relative alla provvigione sono espressamente indicate nei documenti contrattuali.<\/p><p>Con la firma dei relativi documenti, entrambe le parti dichiarano di aver preso visione e di accettare le condizioni di provvigione.<\/p>\t\t\t\t\t\t\t\t<\/div>\n\t\t\t\t<\/div>\n\t\t\t\t<\/div>\n\t\t<div class=\"elementor-element elementor-element-3b0f0ae e-con-full e-flex wpr-particle-no wpr-jarallax-no wpr-parallax-no wpr-sticky-section-no wpr-equal-height-no e-con e-child\" data-id=\"3b0f0ae\" data-element_type=\"container\" data-e-type=\"container\">\n\t\t\t\t<div class=\"elementor-element elementor-element-24156a3 elementor-widget elementor-widget-image\" data-id=\"24156a3\" data-element_type=\"widget\" data-e-type=\"widget\" data-widget_type=\"image.default\">\n\t\t\t\t<div class=\"elementor-widget-container\">\n\t\t\t\t\t\t\t\t\t\t\t\t\t\t\t<img fetchpriority=\"high\" decoding=\"async\" width=\"1024\" height=\"683\" src=\"https:\/\/sardasmeralda.com\/wp-content\/uploads\/2026\/02\/post-agente-imm-1024x683-1.jpg\" class=\"attachment-large size-large wp-image-19554\" alt=\"\" srcset=\"https:\/\/sardasmeralda.com\/wp-content\/uploads\/2026\/02\/post-agente-imm-1024x683-1.jpg 1024w, https:\/\/sardasmeralda.com\/wp-content\/uploads\/2026\/02\/post-agente-imm-1024x683-1-300x200.jpg 300w, https:\/\/sardasmeralda.com\/wp-content\/uploads\/2026\/02\/post-agente-imm-1024x683-1-768x512.jpg 768w\" sizes=\"(max-width: 1024px) 100vw, 1024px\" \/>\t\t\t\t\t\t\t\t\t\t\t\t\t\t\t<\/div>\n\t\t\t\t<\/div>\n\t\t\t\t<\/div>\n\t\t\t\t\t<\/div>\n\t\t\t\t<\/div>\n\t\t<div class=\"elementor-element elementor-element-daa0a51 e-flex e-con-boxed wpr-particle-no wpr-jarallax-no wpr-parallax-no wpr-sticky-section-no wpr-equal-height-no e-con e-parent\" data-id=\"daa0a51\" data-element_type=\"container\" data-e-type=\"container\">\n\t\t\t\t\t<div class=\"e-con-inner\">\n\t\t\t\t<div class=\"elementor-element elementor-element-4386968 elementor-widget elementor-widget-heading\" data-id=\"4386968\" data-element_type=\"widget\" data-e-type=\"widget\" data-widget_type=\"heading.default\">\n\t\t\t\t<div class=\"elementor-widget-container\">\n\t\t\t\t\t<h2 class=\"elementor-heading-title elementor-size-default\">Servizi<\/h2>\t\t\t\t<\/div>\n\t\t\t\t<\/div>\n\t\t\t\t<div class=\"elementor-element elementor-element-11672a7 elementor-widget elementor-widget-text-editor\" data-id=\"11672a7\" data-element_type=\"widget\" data-e-type=\"widget\" data-widget_type=\"text-editor.default\">\n\t\t\t\t<div class=\"elementor-widget-container\">\n\t\t\t\t\t\t\t\t\t<p>L\u2019acquisto di un immobile in Italia comporta, oltre alle procedure notarili, diversi adempimenti amministrativi e burocratici. Per rendere questo percorso il pi\u00f9 semplice e sereno possibile, offriamo ai nostri clienti un servizio completo di assistenza, occupandoci di tutte le pratiche necessarie per loro conto.<\/p><p>I nostri servizi includono, tra gli altri:<\/p>\t\t\t\t\t\t\t\t<\/div>\n\t\t\t\t<\/div>\n\t\t<div class=\"elementor-element elementor-element-c7d942c e-con-full e-flex wpr-particle-no wpr-jarallax-no wpr-parallax-no wpr-sticky-section-no wpr-equal-height-no e-con e-child\" data-id=\"c7d942c\" data-element_type=\"container\" data-e-type=\"container\">\n\t\t<div class=\"elementor-element elementor-element-ff7c786 e-con-full e-flex wpr-particle-no wpr-jarallax-no wpr-parallax-no wpr-sticky-section-no wpr-equal-height-no e-con e-child\" data-id=\"ff7c786\" data-element_type=\"container\" data-e-type=\"container\">\n\t\t<div class=\"elementor-element elementor-element-e258124 e-con-full slick-card e-flex wpr-particle-no wpr-jarallax-no wpr-parallax-no wpr-sticky-section-no wpr-equal-height-no e-con e-child\" data-id=\"e258124\" data-element_type=\"container\" data-e-type=\"container\" data-settings=\"{&quot;background_background&quot;:&quot;classic&quot;}\">\n\t\t\t\t<div class=\"elementor-element elementor-element-83ca613 elementor-view-default elementor-widget elementor-widget-icon\" data-id=\"83ca613\" data-element_type=\"widget\" data-e-type=\"widget\" data-widget_type=\"icon.default\">\n\t\t\t\t<div class=\"elementor-widget-container\">\n\t\t\t\t\t\t\t<div class=\"elementor-icon-wrapper\">\n\t\t\t<div class=\"elementor-icon\">\n\t\t\t<svg aria-hidden=\"true\" class=\"e-font-icon-svg e-fas-file-signature\" viewBox=\"0 0 576 512\" xmlns=\"http:\/\/www.w3.org\/2000\/svg\"><path d=\"M218.17 424.14c-2.95-5.92-8.09-6.52-10.17-6.52s-7.22.59-10.02 6.19l-7.67 15.34c-6.37 12.78-25.03 11.37-29.48-2.09L144 386.59l-10.61 31.88c-5.89 17.66-22.38 29.53-41 29.53H80c-8.84 0-16-7.16-16-16s7.16-16 16-16h12.39c4.83 0 9.11-3.08 10.64-7.66l18.19-54.64c3.3-9.81 12.44-16.41 22.78-16.41s19.48 6.59 22.77 16.41l13.88 41.64c19.75-16.19 54.06-9.7 66 14.16 1.89 3.78 5.49 5.95 9.36 6.26v-82.12l128-127.09V160H248c-13.2 0-24-10.8-24-24V0H24C10.7 0 0 10.7 0 24v464c0 13.3 10.7 24 24 24h336c13.3 0 24-10.7 24-24v-40l-128-.11c-16.12-.31-30.58-9.28-37.83-23.75zM384 121.9c0-6.3-2.5-12.4-7-16.9L279.1 7c-4.5-4.5-10.6-7-17-7H256v128h128v-6.1zm-96 225.06V416h68.99l161.68-162.78-67.88-67.88L288 346.96zm280.54-179.63l-31.87-31.87c-9.94-9.94-26.07-9.94-36.01 0l-27.25 27.25 67.88 67.88 27.25-27.25c9.95-9.94 9.95-26.07 0-36.01z\"><\/path><\/svg>\t\t\t<\/div>\n\t\t<\/div>\n\t\t\t\t\t\t<\/div>\n\t\t\t\t<\/div>\n\t\t\t\t<div class=\"elementor-element elementor-element-aab703e elementor-widget elementor-widget-heading\" data-id=\"aab703e\" data-element_type=\"widget\" data-e-type=\"widget\" data-widget_type=\"heading.default\">\n\t\t\t\t<div class=\"elementor-widget-container\">\n\t\t\t\t\t<h2 class=\"elementor-heading-title elementor-size-default\">Richiesta del Codice Fiscale<\/h2>\t\t\t\t<\/div>\n\t\t\t\t<\/div>\n\t\t\t\t<\/div>\n\t\t<div class=\"elementor-element elementor-element-47138c3 e-con-full slick-card e-flex wpr-particle-no wpr-jarallax-no wpr-parallax-no wpr-sticky-section-no wpr-equal-height-no e-con e-child\" data-id=\"47138c3\" data-element_type=\"container\" data-e-type=\"container\" data-settings=\"{&quot;background_background&quot;:&quot;classic&quot;}\">\n\t\t\t\t<div class=\"elementor-element elementor-element-abab62e elementor-view-default elementor-widget elementor-widget-icon\" data-id=\"abab62e\" data-element_type=\"widget\" data-e-type=\"widget\" data-widget_type=\"icon.default\">\n\t\t\t\t<div class=\"elementor-widget-container\">\n\t\t\t\t\t\t\t<div class=\"elementor-icon-wrapper\">\n\t\t\t<div class=\"elementor-icon\">\n\t\t\t<svg aria-hidden=\"true\" class=\"e-font-icon-svg e-fas-plug\" viewBox=\"0 0 384 512\" xmlns=\"http:\/\/www.w3.org\/2000\/svg\"><path d=\"M320,32a32,32,0,0,0-64,0v96h64Zm48,128H16A16,16,0,0,0,0,176v32a16,16,0,0,0,16,16H32v32A160.07,160.07,0,0,0,160,412.8V512h64V412.8A160.07,160.07,0,0,0,352,256V224h16a16,16,0,0,0,16-16V176A16,16,0,0,0,368,160ZM128,32a32,32,0,0,0-64,0v96h64Z\"><\/path><\/svg>\t\t\t<\/div>\n\t\t<\/div>\n\t\t\t\t\t\t<\/div>\n\t\t\t\t<\/div>\n\t\t\t\t<div class=\"elementor-element elementor-element-87c7dab elementor-widget elementor-widget-heading\" data-id=\"87c7dab\" data-element_type=\"widget\" data-e-type=\"widget\" data-widget_type=\"heading.default\">\n\t\t\t\t<div class=\"elementor-widget-container\">\n\t\t\t\t\t<h2 class=\"elementor-heading-title elementor-size-default\">Attivazione delle utenze di luce e gas<\/h2>\t\t\t\t<\/div>\n\t\t\t\t<\/div>\n\t\t\t\t<\/div>\n\t\t<div class=\"elementor-element elementor-element-1e8e167 e-con-full slick-card e-flex wpr-particle-no wpr-jarallax-no wpr-parallax-no wpr-sticky-section-no wpr-equal-height-no e-con e-child\" data-id=\"1e8e167\" data-element_type=\"container\" data-e-type=\"container\" data-settings=\"{&quot;background_background&quot;:&quot;classic&quot;}\">\n\t\t\t\t<div class=\"elementor-element elementor-element-364f8f4 elementor-view-default elementor-widget elementor-widget-icon\" data-id=\"364f8f4\" data-element_type=\"widget\" data-e-type=\"widget\" data-widget_type=\"icon.default\">\n\t\t\t\t<div class=\"elementor-widget-container\">\n\t\t\t\t\t\t\t<div class=\"elementor-icon-wrapper\">\n\t\t\t<div class=\"elementor-icon\">\n\t\t\t<svg aria-hidden=\"true\" class=\"e-font-icon-svg e-fas-globe\" viewBox=\"0 0 496 512\" xmlns=\"http:\/\/www.w3.org\/2000\/svg\"><path d=\"M336.5 160C322 70.7 287.8 8 248 8s-74 62.7-88.5 152h177zM152 256c0 22.2 1.2 43.5 3.3 64h185.3c2.1-20.5 3.3-41.8 3.3-64s-1.2-43.5-3.3-64H155.3c-2.1 20.5-3.3 41.8-3.3 64zm324.7-96c-28.6-67.9-86.5-120.4-158-141.6 24.4 33.8 41.2 84.7 50 141.6h108zM177.2 18.4C105.8 39.6 47.8 92.1 19.3 160h108c8.7-56.9 25.5-107.8 49.9-141.6zM487.4 192H372.7c2.1 21 3.3 42.5 3.3 64s-1.2 43-3.3 64h114.6c5.5-20.5 8.6-41.8 8.6-64s-3.1-43.5-8.5-64zM120 256c0-21.5 1.2-43 3.3-64H8.6C3.2 212.5 0 233.8 0 256s3.2 43.5 8.6 64h114.6c-2-21-3.2-42.5-3.2-64zm39.5 96c14.5 89.3 48.7 152 88.5 152s74-62.7 88.5-152h-177zm159.3 141.6c71.4-21.2 129.4-73.7 158-141.6h-108c-8.8 56.9-25.6 107.8-50 141.6zM19.3 352c28.6 67.9 86.5 120.4 158 141.6-24.4-33.8-41.2-84.7-50-141.6h-108z\"><\/path><\/svg>\t\t\t<\/div>\n\t\t<\/div>\n\t\t\t\t\t\t<\/div>\n\t\t\t\t<\/div>\n\t\t\t\t<div class=\"elementor-element elementor-element-4e4bbe6 elementor-widget elementor-widget-heading\" data-id=\"4e4bbe6\" data-element_type=\"widget\" data-e-type=\"widget\" data-widget_type=\"heading.default\">\n\t\t\t\t<div class=\"elementor-widget-container\">\n\t\t\t\t\t<h2 class=\"elementor-heading-title elementor-size-default\">Attivazione della connessione Internet \/ WiFi<\/h2>\t\t\t\t<\/div>\n\t\t\t\t<\/div>\n\t\t\t\t<\/div>\n\t\t\t\t<\/div>\n\t\t<div class=\"elementor-element elementor-element-c91226f e-con-full e-flex wpr-particle-no wpr-jarallax-no wpr-parallax-no wpr-sticky-section-no wpr-equal-height-no e-con e-child\" data-id=\"c91226f\" data-element_type=\"container\" data-e-type=\"container\">\n\t\t<div class=\"elementor-element elementor-element-4df2d9a e-con-full slick-card e-flex wpr-particle-no wpr-jarallax-no wpr-parallax-no wpr-sticky-section-no wpr-equal-height-no e-con e-child\" data-id=\"4df2d9a\" data-element_type=\"container\" data-e-type=\"container\" data-settings=\"{&quot;background_background&quot;:&quot;classic&quot;}\">\n\t\t\t\t<div class=\"elementor-element elementor-element-987ab32 elementor-view-default elementor-widget elementor-widget-icon\" data-id=\"987ab32\" data-element_type=\"widget\" data-e-type=\"widget\" data-widget_type=\"icon.default\">\n\t\t\t\t<div class=\"elementor-widget-container\">\n\t\t\t\t\t\t\t<div class=\"elementor-icon-wrapper\">\n\t\t\t<div class=\"elementor-icon\">\n\t\t\t<svg aria-hidden=\"true\" class=\"e-font-icon-svg e-fas-hands-helping\" viewBox=\"0 0 640 512\" xmlns=\"http:\/\/www.w3.org\/2000\/svg\"><path d=\"M488 192H336v56c0 39.7-32.3 72-72 72s-72-32.3-72-72V126.4l-64.9 39C107.8 176.9 96 197.8 96 220.2v47.3l-80 46.2C.7 322.5-4.6 342.1 4.3 357.4l80 138.6c8.8 15.3 28.4 20.5 43.7 11.7L231.4 448H368c35.3 0 64-28.7 64-64h16c17.7 0 32-14.3 32-32v-64h8c13.3 0 24-10.7 24-24v-48c0-13.3-10.7-24-24-24zm147.7-37.4L555.7 16C546.9.7 527.3-4.5 512 4.3L408.6 64H306.4c-12 0-23.7 3.4-33.9 9.7L239 94.6c-9.4 5.8-15 16.1-15 27.1V248c0 22.1 17.9 40 40 40s40-17.9 40-40v-88h184c30.9 0 56 25.1 56 56v28.5l80-46.2c15.3-8.9 20.5-28.4 11.7-43.7z\"><\/path><\/svg>\t\t\t<\/div>\n\t\t<\/div>\n\t\t\t\t\t\t<\/div>\n\t\t\t\t<\/div>\n\t\t\t\t<div class=\"elementor-element elementor-element-1dffb1e elementor-widget elementor-widget-heading\" data-id=\"1dffb1e\" data-element_type=\"widget\" data-e-type=\"widget\" data-widget_type=\"heading.default\">\n\t\t\t\t<div class=\"elementor-widget-container\">\n\t\t\t\t\t<h2 class=\"elementor-heading-title elementor-size-default\">Organizzazione e assistenza agli appuntamenti bancari per l\u2019apertura del conto<\/h2>\t\t\t\t<\/div>\n\t\t\t\t<\/div>\n\t\t\t\t<\/div>\n\t\t<div class=\"elementor-element elementor-element-e767d2c e-con-full slick-card e-flex wpr-particle-no wpr-jarallax-no wpr-parallax-no wpr-sticky-section-no wpr-equal-height-no e-con e-child\" data-id=\"e767d2c\" data-element_type=\"container\" data-e-type=\"container\" data-settings=\"{&quot;background_background&quot;:&quot;classic&quot;}\">\n\t\t\t\t<div class=\"elementor-element elementor-element-a44875b elementor-view-default elementor-widget elementor-widget-icon\" data-id=\"a44875b\" data-element_type=\"widget\" data-e-type=\"widget\" data-widget_type=\"icon.default\">\n\t\t\t\t<div class=\"elementor-widget-container\">\n\t\t\t\t\t\t\t<div class=\"elementor-icon-wrapper\">\n\t\t\t<div class=\"elementor-icon\">\n\t\t\t<svg aria-hidden=\"true\" class=\"e-font-icon-svg e-fas-headset\" viewBox=\"0 0 512 512\" xmlns=\"http:\/\/www.w3.org\/2000\/svg\"><path d=\"M192 208c0-17.67-14.33-32-32-32h-16c-35.35 0-64 28.65-64 64v48c0 35.35 28.65 64 64 64h16c17.67 0 32-14.33 32-32V208zm176 144c35.35 0 64-28.65 64-64v-48c0-35.35-28.65-64-64-64h-16c-17.67 0-32 14.33-32 32v112c0 17.67 14.33 32 32 32h16zM256 0C113.18 0 4.58 118.83 0 256v16c0 8.84 7.16 16 16 16h16c8.84 0 16-7.16 16-16v-16c0-114.69 93.31-208 208-208s208 93.31 208 208h-.12c.08 2.43.12 165.72.12 165.72 0 23.35-18.93 42.28-42.28 42.28H320c0-26.51-21.49-48-48-48h-32c-26.51 0-48 21.49-48 48s21.49 48 48 48h181.72c49.86 0 90.28-40.42 90.28-90.28V256C507.42 118.83 398.82 0 256 0z\"><\/path><\/svg>\t\t\t<\/div>\n\t\t<\/div>\n\t\t\t\t\t\t<\/div>\n\t\t\t\t<\/div>\n\t\t\t\t<div class=\"elementor-element elementor-element-08db72d elementor-widget elementor-widget-heading\" data-id=\"08db72d\" data-element_type=\"widget\" data-e-type=\"widget\" data-widget_type=\"heading.default\">\n\t\t\t\t<div class=\"elementor-widget-container\">\n\t\t\t\t\t<h2 class=\"elementor-heading-title elementor-size-default\">Supporto per ulteriori pratiche amministrative e di fornitura servizi<\/h2>\t\t\t\t<\/div>\n\t\t\t\t<\/div>\n\t\t\t\t<\/div>\n\t\t\t\t<\/div>\n\t\t\t\t<\/div>\n\t\t\t\t\t<\/div>\n\t\t\t\t<\/div>\n\t\t<div class=\"elementor-element elementor-element-4669682 e-flex e-con-boxed wpr-particle-no wpr-jarallax-no wpr-parallax-no wpr-sticky-section-no wpr-equal-height-no e-con e-parent\" data-id=\"4669682\" data-element_type=\"container\" data-e-type=\"container\">\n\t\t\t\t\t<div class=\"e-con-inner\">\n\t\t<div class=\"elementor-element elementor-element-aeb08d9 e-con-full e-flex wpr-particle-no wpr-jarallax-no wpr-parallax-no wpr-sticky-section-no wpr-equal-height-no e-con e-child\" data-id=\"aeb08d9\" data-element_type=\"container\" data-e-type=\"container\" data-settings=\"{&quot;background_background&quot;:&quot;classic&quot;}\">\n\t\t<div class=\"elementor-element elementor-element-497b71f e-con-full e-flex wpr-particle-no wpr-jarallax-no wpr-parallax-no wpr-sticky-section-no wpr-equal-height-no e-con e-child\" data-id=\"497b71f\" data-element_type=\"container\" data-e-type=\"container\">\n\t\t\t\t<div class=\"elementor-element elementor-element-9192fdb elementor-widget elementor-widget-image\" data-id=\"9192fdb\" data-element_type=\"widget\" data-e-type=\"widget\" data-widget_type=\"image.default\">\n\t\t\t\t<div class=\"elementor-widget-container\">\n\t\t\t\t\t\t\t\t\t\t\t\t\t\t\t<img decoding=\"async\" width=\"1024\" height=\"683\" src=\"https:\/\/sardasmeralda.com\/wp-content\/uploads\/2026\/02\/16906-1024x683.jpg\" class=\"attachment-large size-large wp-image-19571\" alt=\"\" srcset=\"https:\/\/sardasmeralda.com\/wp-content\/uploads\/2026\/02\/16906-1024x683.jpg 1024w, https:\/\/sardasmeralda.com\/wp-content\/uploads\/2026\/02\/16906-300x200.jpg 300w, https:\/\/sardasmeralda.com\/wp-content\/uploads\/2026\/02\/16906-768x512.jpg 768w, https:\/\/sardasmeralda.com\/wp-content\/uploads\/2026\/02\/16906.jpg 1500w\" sizes=\"(max-width: 1024px) 100vw, 1024px\" \/>\t\t\t\t\t\t\t\t\t\t\t\t\t\t\t<\/div>\n\t\t\t\t<\/div>\n\t\t\t\t<\/div>\n\t\t<div class=\"elementor-element elementor-element-8a06198 e-con-full e-flex wpr-particle-no wpr-jarallax-no wpr-parallax-no wpr-sticky-section-no wpr-equal-height-no e-con e-child\" data-id=\"8a06198\" data-element_type=\"container\" data-e-type=\"container\">\n\t\t\t\t<div class=\"elementor-element elementor-element-4246ab9 elementor-widget elementor-widget-text-editor\" data-id=\"4246ab9\" data-element_type=\"widget\" data-e-type=\"widget\" data-widget_type=\"text-editor.default\">\n\t\t\t\t<div class=\"elementor-widget-container\">\n\t\t\t\t\t\t\t\t\t<p>Coordiniamo tutte le fasi, predisponiamo la documentazione necessaria e accompagniamo<br \/>personalmente i nostri clienti durante l\u2019intero processo.<\/p><p>Per questo servizio completo \u00e8 previsto un compenso forfettario di <span style=\"font-size: 20px; font-weight: 600;\">\u20ac500<\/span>.<\/p><p>Il nostro obiettivo \u00e8 permettervi di concentrarvi su ci\u00f2 che conta davvero: la vostra nuova propriet\u00e0 e la vostra vita in Italia.<\/p>\t\t\t\t\t\t\t\t<\/div>\n\t\t\t\t<\/div>\n\t\t\t\t<\/div>\n\t\t\t\t<\/div>\n\t\t\t\t\t<\/div>\n\t\t\t\t<\/div>\n\t\t\t\t<\/div>\n\t\t","protected":false},"excerpt":{"rendered":"<p>Info &amp; Servizi Provvigioni In Italia la provvigione per l\u2019intermediazione immobiliare \u00e8 disciplinata dalla legge ed \u00e8 dovuta sia dall\u2019acquirente sia dal venditore. La provvigione della nostra agenzia ammonta al 4% del prezzo di vendita concordato per ciascuna parte, oltre IVA come previsto dalla normativa vigente. Il diritto alla provvigione matura al momento dell\u2019accettazione di una proposta di acquisto vincolante (\u201cProposta di Acquisto\u201d) o, al pi\u00f9 tardi, alla sottoscrizione del contratto preliminare di compravendita (\u201cCompromesso\u201d), a condizione che l\u2019operazione si perfezioni. In tale momento l\u2019attivit\u00e0 di mediazione si considera legalmente conclusa e la provvigione diventa esigibile. Le condizioni relative alla provvigione sono espressamente indicate nei documenti contrattuali. Con la firma dei relativi documenti, entrambe le parti dichiarano di aver preso visione e di accettare le condizioni di provvigione. Servizi L\u2019acquisto di un immobile in Italia comporta, oltre alle procedure notarili, diversi adempimenti amministrativi e burocratici. Per rendere questo percorso il pi\u00f9 semplice e sereno possibile, offriamo ai nostri clienti un servizio completo di assistenza, occupandoci di tutte le pratiche necessarie per loro conto. I nostri servizi includono, tra gli altri: Richiesta del Codice Fiscale Attivazione delle utenze di luce e gas Attivazione della connessione Internet \/ WiFi Organizzazione e assistenza agli appuntamenti bancari per l\u2019apertura del conto Supporto per ulteriori pratiche amministrative e di fornitura servizi Coordiniamo tutte le fasi, predisponiamo la documentazione necessaria e accompagniamopersonalmente i nostri clienti durante l\u2019intero processo. Per questo servizio completo \u00e8 previsto un compenso forfettario di \u20ac500. Il nostro obiettivo \u00e8 permettervi di concentrarvi su ci\u00f2 che conta davvero: la vostra nuova propriet\u00e0 e la vostra vita in Italia.<\/p>\n","protected":false},"author":1,"featured_media":0,"parent":0,"menu_order":0,"comment_status":"closed","ping_status":"closed","template":"elementor_header_footer","meta":{"footnotes":""},"class_list":["post-19605","page","type-page","status-publish","hentry"],"acf":[],"_links":{"self":[{"href":"https:\/\/sardasmeralda.com\/it\/wp-json\/wp\/v2\/pages\/19605","targetHints":{"allow":["GET"]}}],"collection":[{"href":"https:\/\/sardasmeralda.com\/it\/wp-json\/wp\/v2\/pages"}],"about":[{"href":"https:\/\/sardasmeralda.com\/it\/wp-json\/wp\/v2\/types\/page"}],"author":[{"embeddable":true,"href":"https:\/\/sardasmeralda.com\/it\/wp-json\/wp\/v2\/users\/1"}],"replies":[{"embeddable":true,"href":"https:\/\/sardasmeralda.com\/it\/wp-json\/wp\/v2\/comments?post=19605"}],"version-history":[{"count":6,"href":"https:\/\/sardasmeralda.com\/it\/wp-json\/wp\/v2\/pages\/19605\/revisions"}],"predecessor-version":[{"id":19623,"href":"https:\/\/sardasmeralda.com\/it\/wp-json\/wp\/v2\/pages\/19605\/revisions\/19623"}],"wp:attachment":[{"href":"https:\/\/sardasmeralda.com\/it\/wp-json\/wp\/v2\/media?parent=19605"}],"curies":[{"name":"wp","href":"https:\/\/api.w.org\/{rel}","templated":true}]}}