{"id":17653,"date":"2025-12-03T13:13:06","date_gmt":"2025-12-03T13:13:06","guid":{"rendered":"https:\/\/sardasmeralda.com\/partners2\/"},"modified":"2026-02-26T19:25:08","modified_gmt":"2026-02-26T19:25:08","slug":"partners","status":"publish","type":"page","link":"https:\/\/sardasmeralda.com\/it\/partners\/","title":{"rendered":"Partners"},"content":{"rendered":"\t\t<div data-elementor-type=\"wp-page\" data-elementor-id=\"17653\" class=\"elementor elementor-17653 elementor-17239\">\n\t\t\t\t<div class=\"elementor-element elementor-element-05ef000 e-flex e-con-boxed wpr-particle-no wpr-jarallax-no wpr-parallax-no wpr-sticky-section-no wpr-equal-height-no e-con e-parent\" data-id=\"05ef000\" data-element_type=\"container\" data-e-type=\"container\" data-settings=\"{&quot;background_background&quot;:&quot;classic&quot;}\">\n\t\t\t\t\t<div class=\"e-con-inner\">\n\t\t\t\t<div class=\"elementor-element elementor-element-980cd39 elementor-widget elementor-widget-heading\" data-id=\"980cd39\" data-element_type=\"widget\" data-e-type=\"widget\" data-widget_type=\"heading.default\">\n\t\t\t\t<div class=\"elementor-widget-container\">\n\t\t\t\t\t<h2 class=\"elementor-heading-title elementor-size-default\">Partners<\/h2>\t\t\t\t<\/div>\n\t\t\t\t<\/div>\n\t\t\t\t<div class=\"elementor-element elementor-element-948e07f elementor-widget elementor-widget-spacer\" data-id=\"948e07f\" data-element_type=\"widget\" data-e-type=\"widget\" data-widget_type=\"spacer.default\">\n\t\t\t\t<div class=\"elementor-widget-container\">\n\t\t\t\t\t\t\t<div class=\"elementor-spacer\">\n\t\t\t<div class=\"elementor-spacer-inner\"><\/div>\n\t\t<\/div>\n\t\t\t\t\t\t<\/div>\n\t\t\t\t<\/div>\n\t\t<div class=\"elementor-element elementor-element-5ff39f2 e-con-full e-flex wpr-particle-no wpr-jarallax-no wpr-parallax-no wpr-sticky-section-no wpr-equal-height-no e-con e-child\" data-id=\"5ff39f2\" data-element_type=\"container\" data-e-type=\"container\" data-settings=\"{&quot;background_background&quot;:&quot;classic&quot;}\">\n\t\t<div class=\"elementor-element elementor-element-097a918 e-con-full e-flex wpr-particle-no wpr-jarallax-no wpr-parallax-no wpr-sticky-section-no wpr-equal-height-no e-con e-child\" data-id=\"097a918\" data-element_type=\"container\" data-e-type=\"container\">\n\t\t\t\t<div class=\"elementor-element elementor-element-956df3f elementor-widget elementor-widget-image\" data-id=\"956df3f\" data-element_type=\"widget\" data-e-type=\"widget\" data-widget_type=\"image.default\">\n\t\t\t\t<div class=\"elementor-widget-container\">\n\t\t\t\t\t\t\t\t\t\t\t\t\t\t\t<img decoding=\"async\" width=\"325\" height=\"47\" src=\"https:\/\/sardasmeralda.com\/wp-content\/uploads\/2025\/12\/Interieursolon-Simone-Weiss-Logo-1.png\" class=\"attachment-large size-large wp-image-17218\" alt=\"\" srcset=\"https:\/\/sardasmeralda.com\/wp-content\/uploads\/2025\/12\/Interieursolon-Simone-Weiss-Logo-1.png 325w, https:\/\/sardasmeralda.com\/wp-content\/uploads\/2025\/12\/Interieursolon-Simone-Weiss-Logo-1-300x43.png 300w\" sizes=\"(max-width: 325px) 100vw, 325px\" \/>\t\t\t\t\t\t\t\t\t\t\t\t\t\t\t<\/div>\n\t\t\t\t<\/div>\n\t\t\t\t<\/div>\n\t\t<div class=\"elementor-element elementor-element-06c45d0 e-con-full e-flex wpr-particle-no wpr-jarallax-no wpr-parallax-no wpr-sticky-section-no wpr-equal-height-no e-con e-child\" data-id=\"06c45d0\" data-element_type=\"container\" data-e-type=\"container\">\n\t\t\t\t<div class=\"elementor-element elementor-element-610617d elementor-widget elementor-widget-image\" data-id=\"610617d\" data-element_type=\"widget\" data-e-type=\"widget\" data-widget_type=\"image.default\">\n\t\t\t\t<div class=\"elementor-widget-container\">\n\t\t\t\t\t\t\t\t\t\t\t\t\t\t\t<img fetchpriority=\"high\" decoding=\"async\" width=\"328\" height=\"332\" src=\"https:\/\/sardasmeralda.com\/wp-content\/uploads\/2026\/02\/brand.jpeg\" class=\"attachment-large size-large wp-image-19667\" alt=\"\" srcset=\"https:\/\/sardasmeralda.com\/wp-content\/uploads\/2026\/02\/brand.jpeg 328w, https:\/\/sardasmeralda.com\/wp-content\/uploads\/2026\/02\/brand-296x300.jpeg 296w\" sizes=\"(max-width: 328px) 100vw, 328px\" \/>\t\t\t\t\t\t\t\t\t\t\t\t\t\t\t<\/div>\n\t\t\t\t<\/div>\n\t\t\t\t<\/div>\n\t\t<div class=\"elementor-element elementor-element-94fb6e8 e-con-full e-flex wpr-particle-no wpr-jarallax-no wpr-parallax-no wpr-sticky-section-no wpr-equal-height-no e-con e-child\" data-id=\"94fb6e8\" data-element_type=\"container\" data-e-type=\"container\">\n\t\t\t\t<div class=\"elementor-element elementor-element-fa9a34b elementor-widget elementor-widget-image\" data-id=\"fa9a34b\" data-element_type=\"widget\" data-e-type=\"widget\" data-widget_type=\"image.default\">\n\t\t\t\t<div class=\"elementor-widget-container\">\n\t\t\t\t\t\t\t\t\t\t\t\t\t\t\t<img decoding=\"async\" width=\"1024\" height=\"1024\" src=\"https:\/\/sardasmeralda.com\/wp-content\/uploads\/2026\/02\/WhatsApp-Image-2026-02-20-at-9.42.34-PM-1-1024x1024.jpeg\" class=\"attachment-large size-large wp-image-19676\" alt=\"\" srcset=\"https:\/\/sardasmeralda.com\/wp-content\/uploads\/2026\/02\/WhatsApp-Image-2026-02-20-at-9.42.34-PM-1-1024x1024.jpeg 1024w, https:\/\/sardasmeralda.com\/wp-content\/uploads\/2026\/02\/WhatsApp-Image-2026-02-20-at-9.42.34-PM-1-300x300.jpeg 300w, https:\/\/sardasmeralda.com\/wp-content\/uploads\/2026\/02\/WhatsApp-Image-2026-02-20-at-9.42.34-PM-1-150x150.jpeg 150w, https:\/\/sardasmeralda.com\/wp-content\/uploads\/2026\/02\/WhatsApp-Image-2026-02-20-at-9.42.34-PM-1-768x768.jpeg 768w, https:\/\/sardasmeralda.com\/wp-content\/uploads\/2026\/02\/WhatsApp-Image-2026-02-20-at-9.42.34-PM-1-1536x1536.jpeg 1536w, https:\/\/sardasmeralda.com\/wp-content\/uploads\/2026\/02\/WhatsApp-Image-2026-02-20-at-9.42.34-PM-1.jpeg 1600w\" sizes=\"(max-width: 1024px) 100vw, 1024px\" \/>\t\t\t\t\t\t\t\t\t\t\t\t\t\t\t<\/div>\n\t\t\t\t<\/div>\n\t\t\t\t<\/div>\n\t\t<div class=\"elementor-element elementor-element-7242901 e-con-full e-flex wpr-particle-no wpr-jarallax-no wpr-parallax-no wpr-sticky-section-no wpr-equal-height-no e-con e-child\" data-id=\"7242901\" data-element_type=\"container\" data-e-type=\"container\">\n\t\t\t\t<div class=\"elementor-element elementor-element-0dbf2d4 elementor-widget elementor-widget-image\" data-id=\"0dbf2d4\" data-element_type=\"widget\" data-e-type=\"widget\" data-widget_type=\"image.default\">\n\t\t\t\t<div class=\"elementor-widget-container\">\n\t\t\t\t\t\t\t\t\t\t\t\t\t\t\t\t<a href=\"https:\/\/sardasmeralda.com\/wp-content\/uploads\/2026\/02\/Brochure-1st-model-GTSNYV02.pdf\">\n\t\t\t\t\t\t\t<img loading=\"lazy\" decoding=\"async\" width=\"904\" height=\"1024\" src=\"https:\/\/sardasmeralda.com\/wp-content\/uploads\/2026\/02\/snv-904x1024.png\" class=\"attachment-large size-large wp-image-20081\" alt=\"\" srcset=\"https:\/\/sardasmeralda.com\/wp-content\/uploads\/2026\/02\/snv-904x1024.png 904w, https:\/\/sardasmeralda.com\/wp-content\/uploads\/2026\/02\/snv-265x300.png 265w, https:\/\/sardasmeralda.com\/wp-content\/uploads\/2026\/02\/snv-768x870.png 768w, https:\/\/sardasmeralda.com\/wp-content\/uploads\/2026\/02\/snv.png 1087w\" sizes=\"(max-width: 904px) 100vw, 904px\" \/>\t\t\t\t\t\t\t\t<\/a>\n\t\t\t\t\t\t\t\t\t\t\t\t\t\t\t<\/div>\n\t\t\t\t<\/div>\n\t\t\t\t<\/div>\n\t\t\t\t<\/div>\n\t\t\t\t\t<\/div>\n\t\t\t\t<\/div>\n\t\t<div class=\"elementor-element elementor-element-0c4b27f e-flex e-con-boxed wpr-particle-no wpr-jarallax-no wpr-parallax-no wpr-sticky-section-no wpr-equal-height-no e-con e-parent\" data-id=\"0c4b27f\" data-element_type=\"container\" data-e-type=\"container\">\n\t\t\t\t\t<div class=\"e-con-inner\">\n\t\t<div class=\"elementor-element elementor-element-d561cb6 e-con-full e-flex wpr-particle-no wpr-jarallax-no wpr-parallax-no wpr-sticky-section-no wpr-equal-height-no e-con e-child\" data-id=\"d561cb6\" data-element_type=\"container\" data-e-type=\"container\">\n\t\t\t\t<div class=\"elementor-element elementor-element-62065f7 elementor-widget elementor-widget-heading\" data-id=\"62065f7\" data-element_type=\"widget\" data-e-type=\"widget\" data-widget_type=\"heading.default\">\n\t\t\t\t<div class=\"elementor-widget-container\">\n\t\t\t\t\t<h2 class=\"elementor-heading-title elementor-size-default\">Il tuo sogno \u2013 la nostra missione<\/h2>\t\t\t\t<\/div>\n\t\t\t\t<\/div>\n\t\t\t\t<div class=\"elementor-element elementor-element-be62863 elementor-widget elementor-widget-text-editor\" data-id=\"be62863\" data-element_type=\"widget\" data-e-type=\"widget\" data-widget_type=\"text-editor.default\">\n\t\t\t\t<div class=\"elementor-widget-container\">\n\t\t\t\t\t\t\t\t\t<p>Acquistare una propriet\u00e0 non significa solo fare un investimento \u2013 significa dare inizio a un nuovo capitolo di vita, a un luogo dove i desideri prendono forma e il futuro comincia a respirare. Per questo ti accompagniamo con un servizio che va ben oltre la classica intermediazione immobiliare, iniziando proprio l\u00e0 dove i tuoi sogni cominciano a vivere.<\/p><p>Grazie a una rete selezionata di imprese edili affidabili, interior designer creativi, geometri esperti e architetti visionari, siamo al tuo fianco per trasformare la tua idea in realt\u00e0. Che si tratti di una nuova costruzione, di una ristrutturazione accurata o di un progetto su misura, ti guidiamo passo dopo passo finch\u00e9 la tua visione non diventa una casa che parla davvero di te.<\/p><p>E perch\u00e9 la serenit\u00e0 \u00e8 fondamentale, i nostri esperti legali e fiscali ti garantiscono supporto e sicurezza in ogni fase. Il tuo percorso verso la casa dei sogni in Sardegna diventa cos\u00ec un viaggio di entusiasmo, fiducia e gioia \u2013 dalla prima visita fino al momento in cui stringi le chiavi e senti: Qui inizia qualcosa di\u00a0meraviglioso.<\/p>\t\t\t\t\t\t\t\t<\/div>\n\t\t\t\t<\/div>\n\t\t\t\t<\/div>\n\t\t\t\t\t<\/div>\n\t\t\t\t<\/div>\n\t\t\t\t<\/div>\n\t\t","protected":false},"excerpt":{"rendered":"<p>Partners Il tuo sogno \u2013 la nostra missione Acquistare una propriet\u00e0 non significa solo fare un investimento \u2013 significa dare inizio a un nuovo capitolo di vita, a un luogo dove i desideri prendono forma e il futuro comincia a respirare. Per questo ti accompagniamo con un servizio che va ben oltre la classica intermediazione immobiliare, iniziando proprio l\u00e0 dove i tuoi sogni cominciano a vivere. Grazie a una rete selezionata di imprese edili affidabili, interior designer creativi, geometri esperti e architetti visionari, siamo al tuo fianco per trasformare la tua idea in realt\u00e0. Che si tratti di una nuova costruzione, di una ristrutturazione accurata o di un progetto su misura, ti guidiamo passo dopo passo finch\u00e9 la tua visione non diventa una casa che parla davvero di te. E perch\u00e9 la serenit\u00e0 \u00e8 fondamentale, i nostri esperti legali e fiscali ti garantiscono supporto e sicurezza in ogni fase. Il tuo percorso verso la casa dei sogni in Sardegna diventa cos\u00ec un viaggio di entusiasmo, fiducia e gioia \u2013 dalla prima visita fino al momento in cui stringi le chiavi e senti: Qui inizia qualcosa di\u00a0meraviglioso.<\/p>\n","protected":false},"author":1,"featured_media":0,"parent":0,"menu_order":0,"comment_status":"closed","ping_status":"closed","template":"","meta":{"footnotes":""},"class_list":["post-17653","page","type-page","status-publish","hentry"],"acf":[],"_links":{"self":[{"href":"https:\/\/sardasmeralda.com\/it\/wp-json\/wp\/v2\/pages\/17653","targetHints":{"allow":["GET"]}}],"collection":[{"href":"https:\/\/sardasmeralda.com\/it\/wp-json\/wp\/v2\/pages"}],"about":[{"href":"https:\/\/sardasmeralda.com\/it\/wp-json\/wp\/v2\/types\/page"}],"author":[{"embeddable":true,"href":"https:\/\/sardasmeralda.com\/it\/wp-json\/wp\/v2\/users\/1"}],"replies":[{"embeddable":true,"href":"https:\/\/sardasmeralda.com\/it\/wp-json\/wp\/v2\/comments?post=17653"}],"version-history":[{"count":24,"href":"https:\/\/sardasmeralda.com\/it\/wp-json\/wp\/v2\/pages\/17653\/revisions"}],"predecessor-version":[{"id":20136,"href":"https:\/\/sardasmeralda.com\/it\/wp-json\/wp\/v2\/pages\/17653\/revisions\/20136"}],"wp:attachment":[{"href":"https:\/\/sardasmeralda.com\/it\/wp-json\/wp\/v2\/media?parent=17653"}],"curies":[{"name":"wp","href":"https:\/\/api.w.org\/{rel}","templated":true}]}}