{"id":2696,"date":"2024-11-30T14:24:53","date_gmt":"2024-11-30T14:24:53","guid":{"rendered":"https:\/\/sardasmeralda.com\/immobilien-zu-vermieten\/"},"modified":"2025-12-10T16:12:27","modified_gmt":"2025-12-10T16:12:27","slug":"immobilien-zur-miete","status":"publish","type":"page","link":"https:\/\/sardasmeralda.com\/de\/immobilien-zur-miete\/","title":{"rendered":"Immobilien zu vermieten"},"content":{"rendered":"\t\t<div data-elementor-type=\"wp-page\" data-elementor-id=\"2696\" class=\"elementor elementor-2696 elementor-169\">\n\t\t\t\t<div class=\"elementor-element elementor-element-208e8e1 e-flex e-con-boxed wpr-particle-no wpr-jarallax-no wpr-parallax-no wpr-sticky-section-no wpr-equal-height-no e-con e-parent\" data-id=\"208e8e1\" data-element_type=\"container\" data-e-type=\"container\" data-settings=\"{&quot;background_background&quot;:&quot;classic&quot;}\">\n\t\t\t\t\t<div class=\"e-con-inner\">\n\t\t\t\t<div class=\"elementor-element elementor-element-18a0a70 elementor-widget elementor-widget-heading\" data-id=\"18a0a70\" data-element_type=\"widget\" data-e-type=\"widget\" data-widget_type=\"heading.default\">\n\t\t\t\t<div class=\"elementor-widget-container\">\n\t\t\t\t\t<h2 class=\"elementor-heading-title elementor-size-default\">Immobilien zur Miete<\/h2>\t\t\t\t<\/div>\n\t\t\t\t<\/div>\n\t\t\t\t<div class=\"elementor-element elementor-element-f27dd71 elementor-widget elementor-widget-text-editor\" data-id=\"f27dd71\" data-element_type=\"widget\" data-e-type=\"widget\" data-widget_type=\"text-editor.default\">\n\t\t\t\t<div class=\"elementor-widget-container\">\n\t\t\t\t\t\t\t\t\t<p>Entdecken Sie unsere exklusive Auswahl an Apartments und Villen auf Sardinien.<\/p>\n\t\t\t\t\t\t\t\t<\/div>\n\t\t\t\t<\/div>\n\t\t\t\t\t<\/div>\n\t\t\t\t<\/div>\n\t\t<div class=\"elementor-element elementor-element-e5f5640 e-con-full e-flex wpr-particle-no wpr-jarallax-no wpr-parallax-no wpr-sticky-section-no wpr-equal-height-no e-con e-parent\" data-id=\"e5f5640\" data-element_type=\"container\" data-e-type=\"container\">\n\t\t<div class=\"elementor-element elementor-element-a85d7ae e-flex e-con-boxed wpr-particle-no wpr-jarallax-no wpr-parallax-no wpr-sticky-section-no wpr-equal-height-no e-con e-child\" data-id=\"a85d7ae\" data-element_type=\"container\" data-e-type=\"container\">\n\t\t\t\t\t<div class=\"e-con-inner\">\n\t\t<div class=\"elementor-element elementor-element-627a35e e-con-full e-flex wpr-particle-no wpr-jarallax-no wpr-parallax-no wpr-sticky-section-no wpr-equal-height-no e-con e-child\" data-id=\"627a35e\" data-element_type=\"container\" data-e-type=\"container\">\n\t\t\t\t<div class=\"elementor-element elementor-element-aabd70f elementor-widget elementor-widget-shortcode\" data-id=\"aabd70f\" data-element_type=\"widget\" data-e-type=\"widget\" data-widget_type=\"shortcode.default\">\n\t\t\t\t<div class=\"elementor-widget-container\">\n\t\t\t\t\t\t\t<div class=\"elementor-shortcode\"><div class=\"properties-for-rent\" id=\"prop_block_6a04856e051ac\"><div class=\"property\" style=\"margin-bottom: 50px;\"><div class=\"property-thumbnail\"><a href=\"https:\/\/sardasmeralda.com\/de\/properties-for-rent\/villa-quercia\/\"><img fetchpriority=\"high\" decoding=\"async\" width=\"535\" height=\"406\" src=\"https:\/\/sardasmeralda.com\/wp-content\/uploads\/2024\/11\/screenshot-2024-10-05-104721-mv0DQ5VE42FaJL92-1.avif\" class=\"attachment-post-thumbnail size-post-thumbnail wp-post-image\" alt=\"\" srcset=\"https:\/\/sardasmeralda.com\/wp-content\/uploads\/2024\/11\/screenshot-2024-10-05-104721-mv0DQ5VE42FaJL92-1.avif 535w, https:\/\/sardasmeralda.com\/wp-content\/uploads\/2024\/11\/screenshot-2024-10-05-104721-mv0DQ5VE42FaJL92-1-300x228.avif 300w\" sizes=\"(max-width: 535px) 100vw, 535px\" \/><\/a><\/div><h2><a href=\"https:\/\/sardasmeralda.com\/de\/properties-for-rent\/villa-quercia\/\" style=\"color:#000; font-weight:400;\">VILLA QUERCIA<\/a><\/h2><div class=\"property-it-number\" style=\"margin: 0px 0px 10px 0; font-size:16px; color:#000;\">IT090006C2000S6692\n\t\t\t\t\t\t\t<\/div><div class=\"property-excerpt\" style=\"margin-bottom: 15px; line-height: 1.6;\"><span class=\"excerpt-visible\">Diese wundersch\u00f6ne Villa in Cala dei Ginepri verf\u00fcgt \u00fcber mehrere Schlafzimmer und 5 Badezimmer und<\/span><span class=\"excerpt-dots\">... <\/span><a href=\"javascript:void(0);\" class=\"read-more-btn\" style=\"color: blue; cursor: pointer; display: inline; font-weight: 400;\">Read More<\/a><span class=\"excerpt-hidden-content\" style=\"display: none; opacity: 0; transition: opacity 0.5s ease-in-out;\"> bietet eine perfekte Mischung aus Komfort und sardischem Charme. Die Villa verf\u00fcgt \u00fcber einen privaten Pool, der sich ideal zum Entspannen eignet, und ist im authentischen sardischen Stil mit rustikalen Elementen und eleganten Akzenten gestaltet. Genie\u00dfen Sie atemberaubende Sonnenunterg\u00e4nge von der Terrasse aus und bieten Sie einen ruhigen und malerischen Ausblick, um jeden Tag ausklingen zu lassen.   <a href=\"javascript:void(0);\" class=\"hide-btn\" style=\"color: blue; cursor: pointer; display: inline; font-weight: 400;\">Hide<\/a><\/span><\/div><div class=\"property-action\"><a href=\"https:\/\/sardasmeralda.com\/de\/properties-for-rent\/villa-quercia\/\" class=\"btn-explore\" style=\"background-color: #796C5C; color: #fff; padding: 10px 20px; text-decoration: none; display: inline-block;\">Explore<\/a><\/div><\/div><div class=\"property\" style=\"margin-bottom: 50px;\"><div class=\"property-thumbnail\"><a href=\"https:\/\/sardasmeralda.com\/de\/properties-for-rent\/villa-xhala\/\"><img decoding=\"async\" width=\"867\" height=\"580\" src=\"https:\/\/sardasmeralda.com\/wp-content\/uploads\/2026\/01\/WhatsApp-Image-2026-01-27-at-1.22.24-AM.jpeg\" class=\"attachment-post-thumbnail size-post-thumbnail wp-post-image\" alt=\"\" srcset=\"https:\/\/sardasmeralda.com\/wp-content\/uploads\/2026\/01\/WhatsApp-Image-2026-01-27-at-1.22.24-AM.jpeg 867w, https:\/\/sardasmeralda.com\/wp-content\/uploads\/2026\/01\/WhatsApp-Image-2026-01-27-at-1.22.24-AM-300x201.jpeg 300w, https:\/\/sardasmeralda.com\/wp-content\/uploads\/2026\/01\/WhatsApp-Image-2026-01-27-at-1.22.24-AM-768x514.jpeg 768w\" sizes=\"(max-width: 867px) 100vw, 867px\" \/><\/a><\/div><h2><a href=\"https:\/\/sardasmeralda.com\/de\/properties-for-rent\/villa-xhala\/\" style=\"color:#000; font-weight:400;\">VILLA XHALA<\/a><\/h2><div class=\"property-it-number\" style=\"margin: 0px 0px 10px 0; font-size:16px; color:#000;\">IT090047C2000U0987\n\t\t\t\t\t\t\t<\/div><div class=\"property-excerpt\" style=\"margin-bottom: 15px; line-height: 1.6;\"><span class=\"excerpt-visible\">Luxusvilla mit Panoramablick auf Porto Rotondo, Oberhalb der sanften H\u00fcgel von Cugnana, in<\/span><span class=\"excerpt-dots\">... <\/span><a href=\"javascript:void(0);\" class=\"read-more-btn\" style=\"color: blue; cursor: pointer; display: inline; font-weight: 400;\">Read More<\/a><span class=\"excerpt-hidden-content\" style=\"display: none; opacity: 0; transition: opacity 0.5s ease-in-out;\"> privilegierter Aussichtslage, thront diese au\u00dfergew\u00f6hnliche Design-Villa mit freiem Blick \u00fcber die Bucht von Porto Rotondo bis zum glitzernden Meer. Architektur und Natur verschmelzen hier zu einer harmonischen Einheit aus Eleganz, Licht und Weite. <a href=\"javascript:void(0);\" class=\"hide-btn\" style=\"color: blue; cursor: pointer; display: inline; font-weight: 400;\">Hide<\/a><\/span><\/div><div class=\"property-action\"><a href=\"https:\/\/sardasmeralda.com\/de\/properties-for-rent\/villa-xhala\/\" class=\"btn-explore\" style=\"background-color: #796C5C; color: #fff; padding: 10px 20px; text-decoration: none; display: inline-block;\">Explore<\/a><\/div><\/div><div class=\"property\" style=\"margin-bottom: 50px;\"><div class=\"property-thumbnail\"><a href=\"https:\/\/sardasmeralda.com\/de\/properties-for-rent\/villa-cala-bitta\/\"><img decoding=\"async\" width=\"1518\" height=\"750\" src=\"https:\/\/sardasmeralda.com\/wp-content\/uploads\/2025\/07\/IMG-20250712-WA0024.jpg\" class=\"attachment-post-thumbnail size-post-thumbnail wp-post-image\" alt=\"\" srcset=\"https:\/\/sardasmeralda.com\/wp-content\/uploads\/2025\/07\/IMG-20250712-WA0024.jpg 1518w, https:\/\/sardasmeralda.com\/wp-content\/uploads\/2025\/07\/IMG-20250712-WA0024-300x148.jpg 300w, https:\/\/sardasmeralda.com\/wp-content\/uploads\/2025\/07\/IMG-20250712-WA0024-1024x506.jpg 1024w, https:\/\/sardasmeralda.com\/wp-content\/uploads\/2025\/07\/IMG-20250712-WA0024-768x379.jpg 768w\" sizes=\"(max-width: 1518px) 100vw, 1518px\" \/><\/a><\/div><h2><a href=\"https:\/\/sardasmeralda.com\/de\/properties-for-rent\/villa-cala-bitta\/\" style=\"color:#000; font-weight:400;\">VILLA CALA BITTA<\/a><\/h2><div class=\"property-it-number\" style=\"margin: 0px 0px 10px 0; font-size:16px; color:#000;\">IT090006C2000T8012\n\t\t\t\t\t\t\t<\/div><div class=\"property-excerpt\" style=\"margin-bottom: 15px; line-height: 1.6;\"><span class=\"excerpt-visible\">Willkommen in der Villa Cala Bitta, einer ger\u00e4umigen Villa in Arzachena mit 200 m\u00b2 Wohnfl\u00e4che,<\/span><span class=\"excerpt-dots\">... <\/span><a href=\"javascript:void(0);\" class=\"read-more-btn\" style=\"color: blue; cursor: pointer; display: inline; font-weight: 400;\">Read More<\/a><span class=\"excerpt-hidden-content\" style=\"display: none; opacity: 0; transition: opacity 0.5s ease-in-out;\"> ideal f\u00fcr bis zu 12 G\u00e4ste. Die Villa verf\u00fcgt \u00fcber 6 komfortable Schlafzimmer und 4 Badezimmer und ist perfekt f\u00fcr Familien oder Freundesgruppen.\r\n\r\nGenie\u00dfen Sie eine voll ausgestattete private K\u00fcche, Klimaanlage, WLAN, TV und Waschmaschine f\u00fcr Ihren Komfort. Im Au\u00dfenbereich erwarten Sie ein privater Garten, ein Balkon und zwei \u00fcberdachte Terrassen mit atemberaubendem Blick auf das Meer und die umliegenden H\u00fcgel.\r\n\r\nDer private Au\u00dfenpool und die Au\u00dfendusche laden zum Entspannen und Erholen ein.\r\n\r\nNur wenige Gehminuten vom Strand entfernt, bietet die Villa einfachen Zugang zu K\u00fcstenaktivit\u00e4ten und der wundersch\u00f6nen K\u00fcste Sardiniens. Zwei Gemeinschaftsparkpl\u00e4tze stehen auf dem Grundst\u00fcck zur Verf\u00fcgung.\r\n\r\nBitte beachten Sie: Veranstaltungen sind auf diesem Grundst\u00fcck nicht gestattet. <a href=\"javascript:void(0);\" class=\"hide-btn\" style=\"color: blue; cursor: pointer; display: inline; font-weight: 400;\">Hide<\/a><\/span><\/div><div class=\"property-action\"><a href=\"https:\/\/sardasmeralda.com\/de\/properties-for-rent\/villa-cala-bitta\/\" class=\"btn-explore\" style=\"background-color: #796C5C; color: #fff; padding: 10px 20px; text-decoration: none; display: inline-block;\">Explore<\/a><\/div><\/div><div class=\"property\" style=\"margin-bottom: 50px;\"><div class=\"property-thumbnail\"><a href=\"https:\/\/sardasmeralda.com\/de\/properties-for-rent\/villa-la-conia-with-sea-view-wi-fi-and-air-conditioning\/\"><img loading=\"lazy\" decoding=\"async\" width=\"1280\" height=\"960\" src=\"https:\/\/sardasmeralda.com\/wp-content\/uploads\/2025\/08\/l.jpg\" class=\"attachment-post-thumbnail size-post-thumbnail wp-post-image\" alt=\"\" srcset=\"https:\/\/sardasmeralda.com\/wp-content\/uploads\/2025\/08\/l.jpg 1280w, https:\/\/sardasmeralda.com\/wp-content\/uploads\/2025\/08\/l-300x225.jpg 300w, https:\/\/sardasmeralda.com\/wp-content\/uploads\/2025\/08\/l-1024x768.jpg 1024w, https:\/\/sardasmeralda.com\/wp-content\/uploads\/2025\/08\/l-768x576.jpg 768w\" sizes=\"(max-width: 1280px) 100vw, 1280px\" \/><\/a><\/div><h2><a href=\"https:\/\/sardasmeralda.com\/de\/properties-for-rent\/villa-la-conia-with-sea-view-wi-fi-and-air-conditioning\/\" style=\"color:#000; font-weight:400;\">VILLA &#8218;LA CONIA&#8216;<\/a><\/h2><div class=\"property-it-number\" style=\"margin: 0px 0px 10px 0; font-size:16px; color:#000;\">IT090006C2000T8920\n\t\t\t\t\t\t\t<\/div><div class=\"property-excerpt\" style=\"margin-bottom: 15px; line-height: 1.6;\"><span class=\"excerpt-visible\">Die moderne Villa Villetta La Conia in Cannigione bietet auf 100 Quadratmetern Platz f\u00fcr bis zu 5<\/span><span class=\"excerpt-dots\">... <\/span><a href=\"javascript:void(0);\" class=\"read-more-btn\" style=\"color: blue; cursor: pointer; display: inline; font-weight: 400;\">Read More<\/a><span class=\"excerpt-hidden-content\" style=\"display: none; opacity: 0; transition: opacity 0.5s ease-in-out;\"> Personen. Sie verf\u00fcgt \u00fcber drei Schlafzimmer mit jeweils eigenem Bad: zwei Doppelzimmer und ein Einzelzimmer. Zur Ausstattung geh\u00f6ren Klimaanlage, WLAN, ein Fernseher und eine Waschmaschine. Die hellen und geschmackvoll eingerichteten Innenr\u00e4ume garantieren Komfort und Stil w\u00e4hrend Ihres Sardinien-Urlaubs. Entspannen Sie sich im privaten Garten und genie\u00dfen Sie den Panoramablick im Whirlpool mit atemberaubendem Meer- und Bergblick. Die Villa bietet \u00fcberdachte und offene Terrassen sowie einen Balkon \u2013 vielf\u00e4ltige M\u00f6glichkeiten zum Verweilen und Genie\u00dfen der Aussicht. Parkpl\u00e4tze stehen sowohl auf dem Grundst\u00fcck als auch an der Stra\u00dfe zur Verf\u00fcgung. Veranstaltungen sind nicht gestattet, um allen G\u00e4sten eine ruhige Atmosph\u00e4re zu gew\u00e4hrleisten. Die Villa befindet sich in einer sicheren Wohnanlage im ruhigen Teil von Lakonien und bietet somit absolute Ruhe und Sicherheit. Der Strand ist bequem zu Fu\u00df erreichbar \u2013 ideal f\u00fcr alle, die am Meer entspannen m\u00f6chten. Die ruhige Lage und der moderne Komfort machen die Villa zum perfekten Ausgangspunkt, um Sardinien zu erleben \u2013 Komfort und Natursch\u00f6nheit direkt vor der T\u00fcr. <a href=\"javascript:void(0);\" class=\"hide-btn\" style=\"color: blue; cursor: pointer; display: inline; font-weight: 400;\">Hide<\/a><\/span><\/div><div class=\"property-action\"><a href=\"https:\/\/sardasmeralda.com\/de\/properties-for-rent\/villa-la-conia-with-sea-view-wi-fi-and-air-conditioning\/\" class=\"btn-explore\" style=\"background-color: #796C5C; color: #fff; padding: 10px 20px; text-decoration: none; display: inline-block;\">Explore<\/a><\/div><\/div><div class=\"property\" style=\"margin-bottom: 50px;\"><div class=\"property-thumbnail\"><a href=\"https:\/\/sardasmeralda.com\/de\/properties-for-rent\/villa-orso\/\"><img loading=\"lazy\" decoding=\"async\" width=\"503\" height=\"360\" src=\"https:\/\/sardasmeralda.com\/wp-content\/uploads\/2024\/11\/24-AzG7BbJR2XUXW3yk.avif\" class=\"attachment-post-thumbnail size-post-thumbnail wp-post-image\" alt=\"\" srcset=\"https:\/\/sardasmeralda.com\/wp-content\/uploads\/2024\/11\/24-AzG7BbJR2XUXW3yk.avif 503w, https:\/\/sardasmeralda.com\/wp-content\/uploads\/2024\/11\/24-AzG7BbJR2XUXW3yk-300x215.avif 300w\" sizes=\"(max-width: 503px) 100vw, 503px\" \/><\/a><\/div><h2><a href=\"https:\/\/sardasmeralda.com\/de\/properties-for-rent\/villa-orso\/\" style=\"color:#000; font-weight:400;\">VILLA ORSO<\/a><\/h2><div class=\"property-it-number\" style=\"margin: 0px 0px 10px 0; font-size:16px; color:#000;\">IT090006C2000S6691\n\t\t\t\t\t\t\t<\/div><div class=\"property-excerpt\" style=\"margin-bottom: 15px; line-height: 1.6;\"><span class=\"excerpt-visible\">Dieses kleine Reihenhaus in Cala dei Ginepri verf\u00fcgt \u00fcber zwei Doppelzimmer, ideal f\u00fcr Familien<\/span><span class=\"excerpt-dots\">... <\/span><a href=\"javascript:void(0);\" class=\"read-more-btn\" style=\"color: blue; cursor: pointer; display: inline; font-weight: 400;\">Read More<\/a><span class=\"excerpt-hidden-content\" style=\"display: none; opacity: 0; transition: opacity 0.5s ease-in-out;\"> oder Paare. Der Wohnbereich umfasst eine K\u00fcche und ein Schlafsofa, das zus\u00e4tzlichen Schlafplatz bietet. Das Haus verf\u00fcgt \u00fcber 2 Badezimmer und bietet einen atemberaubenden Meerblick, den Sie von der Terrasse aus genie\u00dfen k\u00f6nnen. Eine charmante Unterkunft, die Komfort und malerische Landschaft vereint.    <a href=\"javascript:void(0);\" class=\"hide-btn\" style=\"color: blue; cursor: pointer; display: inline; font-weight: 400;\">Hide<\/a><\/span><\/div><div class=\"property-action\"><a href=\"https:\/\/sardasmeralda.com\/de\/properties-for-rent\/villa-orso\/\" class=\"btn-explore\" style=\"background-color: #796C5C; color: #fff; padding: 10px 20px; text-decoration: none; display: inline-block;\">Explore<\/a><\/div><\/div><div class=\"property\" style=\"margin-bottom: 50px;\"><div class=\"property-thumbnail\"><a href=\"https:\/\/sardasmeralda.com\/de\/properties-for-rent\/villa-bomboniera\/\"><img loading=\"lazy\" decoding=\"async\" width=\"503\" height=\"360\" src=\"https:\/\/sardasmeralda.com\/wp-content\/uploads\/2024\/11\/bomboniera-vigna-555-Aq2o59zb08ueVZXy.avif\" class=\"attachment-post-thumbnail size-post-thumbnail wp-post-image\" alt=\"\" srcset=\"https:\/\/sardasmeralda.com\/wp-content\/uploads\/2024\/11\/bomboniera-vigna-555-Aq2o59zb08ueVZXy.avif 503w, https:\/\/sardasmeralda.com\/wp-content\/uploads\/2024\/11\/bomboniera-vigna-555-Aq2o59zb08ueVZXy-300x215.avif 300w\" sizes=\"(max-width: 503px) 100vw, 503px\" \/><\/a><\/div><h2><a href=\"https:\/\/sardasmeralda.com\/de\/properties-for-rent\/villa-bomboniera\/\" style=\"color:#000; font-weight:400;\">VILLA BOMBONIERA<\/a><\/h2><div class=\"property-it-number\" style=\"margin: 0px 0px 10px 0; font-size:16px; color:#000;\">IT090006C2000S6167\n\t\t\t\t\t\t\t<\/div><div class=\"property-excerpt\" style=\"margin-bottom: 15px; line-height: 1.6;\"><span class=\"excerpt-visible\">Diese atemberaubende Villa bietet atemberaubende Ausblicke, die die Sch\u00f6nheit des Mittelmeers<\/span><span class=\"excerpt-dots\">... <\/span><a href=\"javascript:void(0);\" class=\"read-more-btn\" style=\"color: blue; cursor: pointer; display: inline; font-weight: 400;\">Read More<\/a><span class=\"excerpt-hidden-content\" style=\"display: none; opacity: 0; transition: opacity 0.5s ease-in-out;\"> einfangen. Das Anwesen ist in drei verschiedene Komplexe unterteilt, die jeweils auf Komfort ausgelegt sind. Mit ger\u00e4umigen Wohnbereichen, modernen Annehmlichkeiten und elegantem Dekor k\u00f6nnen Bewohner und G\u00e4ste eine Atmosph\u00e4re der Entspannung und Ruhe genie\u00dfen.    <a href=\"javascript:void(0);\" class=\"hide-btn\" style=\"color: blue; cursor: pointer; display: inline; font-weight: 400;\">Hide<\/a><\/span><\/div><div class=\"property-action\"><a href=\"https:\/\/sardasmeralda.com\/de\/properties-for-rent\/villa-bomboniera\/\" class=\"btn-explore\" style=\"background-color: #796C5C; color: #fff; padding: 10px 20px; text-decoration: none; display: inline-block;\">Explore<\/a><\/div><\/div><div class=\"property\" style=\"margin-bottom: 50px;\"><div class=\"property-thumbnail\"><a href=\"https:\/\/sardasmeralda.com\/de\/properties-for-rent\/apartment-sea-view\/\"><img loading=\"lazy\" decoding=\"async\" width=\"1350\" height=\"900\" src=\"https:\/\/sardasmeralda.com\/wp-content\/uploads\/2025\/01\/l.jpg\" class=\"attachment-post-thumbnail size-post-thumbnail wp-post-image\" alt=\"\" srcset=\"https:\/\/sardasmeralda.com\/wp-content\/uploads\/2025\/01\/l.jpg 1350w, https:\/\/sardasmeralda.com\/wp-content\/uploads\/2025\/01\/l-300x200.jpg 300w, https:\/\/sardasmeralda.com\/wp-content\/uploads\/2025\/01\/l-1024x683.jpg 1024w, https:\/\/sardasmeralda.com\/wp-content\/uploads\/2025\/01\/l-768x512.jpg 768w\" sizes=\"(max-width: 1350px) 100vw, 1350px\" \/><\/a><\/div><h2><a href=\"https:\/\/sardasmeralda.com\/de\/properties-for-rent\/apartment-sea-view\/\" style=\"color:#000; font-weight:400;\">APARTMENT SEA VIEW<\/a><\/h2><div class=\"property-it-number\" style=\"margin: 0px 0px 10px 0; font-size:16px; color:#000;\">IT090006C2000S5750\n\t\t\t\t\t\t\t<\/div><div class=\"property-excerpt\" style=\"margin-bottom: 15px; line-height: 1.6;\"><span class=\"excerpt-visible\">Diese Ferienwohnung in einer Wohnanlage in der N\u00e4he von Baja Sardinia verf\u00fcgt \u00fcber zwei<\/span><span class=\"excerpt-dots\">... <\/span><a href=\"javascript:void(0);\" class=\"read-more-btn\" style=\"color: blue; cursor: pointer; display: inline; font-weight: 400;\">Read More<\/a><span class=\"excerpt-hidden-content\" style=\"display: none; opacity: 0; transition: opacity 0.5s ease-in-out;\"> Schlafzimmer, einen Wohnbereich mit K\u00fcche und ein Schlafsofa, ideal als zus\u00e4tzlicher Schlafplatz. Die Wohnung verf\u00fcgt \u00fcber eine Terrasse, die zum Entspannen einl\u00e4dt, und zur Anlage geh\u00f6rt ein Gemeinschaftspool. Eine ideale Unterkunft f\u00fcr einen komfortablen Urlaub in einer wundersch\u00f6nen Umgebung   <a href=\"javascript:void(0);\" class=\"hide-btn\" style=\"color: blue; cursor: pointer; display: inline; font-weight: 400;\">Hide<\/a><\/span><\/div><div class=\"property-action\"><a href=\"https:\/\/sardasmeralda.com\/de\/properties-for-rent\/apartment-sea-view\/\" class=\"btn-explore\" style=\"background-color: #796C5C; color: #fff; padding: 10px 20px; text-decoration: none; display: inline-block;\">Explore<\/a><\/div><\/div><div class=\"property\" style=\"margin-bottom: 50px;\"><div class=\"property-thumbnail\"><a href=\"https:\/\/sardasmeralda.com\/de\/properties-for-rent\/apartment-mit-bergblick\/\"><img loading=\"lazy\" decoding=\"async\" width=\"1519\" height=\"1013\" src=\"https:\/\/sardasmeralda.com\/wp-content\/uploads\/2025\/02\/Picture-85598450-1.jpg\" class=\"attachment-post-thumbnail size-post-thumbnail wp-post-image\" alt=\"\" srcset=\"https:\/\/sardasmeralda.com\/wp-content\/uploads\/2025\/02\/Picture-85598450-1.jpg 1519w, https:\/\/sardasmeralda.com\/wp-content\/uploads\/2025\/02\/Picture-85598450-1-300x200.jpg 300w, https:\/\/sardasmeralda.com\/wp-content\/uploads\/2025\/02\/Picture-85598450-1-1024x683.jpg 1024w, https:\/\/sardasmeralda.com\/wp-content\/uploads\/2025\/02\/Picture-85598450-1-768x512.jpg 768w\" sizes=\"(max-width: 1519px) 100vw, 1519px\" \/><\/a><\/div><h2><a href=\"https:\/\/sardasmeralda.com\/de\/properties-for-rent\/apartment-mit-bergblick\/\" style=\"color:#000; font-weight:400;\">APARTMENT MOUNTAIN VIEW<\/a><\/h2><div class=\"property-it-number\" style=\"margin: 0px 0px 10px 0; font-size:16px; color:#000;\">IT090047C2000S6906\n\t\t\t\t\t\t\t<\/div><div class=\"property-excerpt\" style=\"margin-bottom: 15px; line-height: 1.6;\"><span class=\"excerpt-visible\">Dieses charmante Apartment bietet 2 Schlafzimmer, 1 Badezimmer und einen atemberaubenden Blick auf<\/span><span class=\"excerpt-dots\">... <\/span><a href=\"javascript:void(0);\" class=\"read-more-btn\" style=\"color: blue; cursor: pointer; display: inline; font-weight: 400;\">Read More<\/a><span class=\"excerpt-hidden-content\" style=\"display: none; opacity: 0; transition: opacity 0.5s ease-in-out;\"> die Berge, ideal f\u00fcr einen ruhigen und malerischen Urlaub. Es liegt im malerischen Dorf San Pantaleo und bietet allen modernen Komfort, darunter einen privaten Parkplatz f\u00fcr Ihre Bequemlichkeit. Perfekt f\u00fcr alle, die Entspannung und Ruhe suchen, aber dennoch in der N\u00e4he lokaler Annehmlichkeiten und Attraktionen sein m\u00f6chten.  \r\n <a href=\"javascript:void(0);\" class=\"hide-btn\" style=\"color: blue; cursor: pointer; display: inline; font-weight: 400;\">Hide<\/a><\/span><\/div><div class=\"property-action\"><a href=\"https:\/\/sardasmeralda.com\/de\/properties-for-rent\/apartment-mit-bergblick\/\" class=\"btn-explore\" style=\"background-color: #796C5C; color: #fff; padding: 10px 20px; text-decoration: none; display: inline-block;\">Explore<\/a><\/div><\/div><\/div><div class=\"pagination\"><\/div>\n        <script>\n        document.addEventListener('DOMContentLoaded', function() {\n            var container = document.getElementById('prop_block_6a04856e051ac');\n            if(container) {\n                container.addEventListener('click', function(e) {\n                    \n                    \/\/ OPEN (Read More)\n                    if (e.target && e.target.classList.contains('read-more-btn')) {\n                        e.preventDefault();\n                        var readMoreBtn = e.target;\n                        var parent = readMoreBtn.closest('.property-excerpt');\n                        var dots = parent.querySelector('.excerpt-dots');\n                        var hiddenSpan = parent.querySelector('.excerpt-hidden-content');\n                        \n                        \/\/ Hide dots and Read More immediately\n                        if(dots) dots.style.display = 'none';\n                        readMoreBtn.style.display = 'none';\n                        \n                        \/\/ Show span (but it's invisible due to opacity 0)\n                        hiddenSpan.style.display = 'inline';\n                        \n                        \/\/ Small delay to allow CSS transition to catch the opacity change\n                        setTimeout(function() {\n                            hiddenSpan.style.opacity = '1';\n                        }, 10);\n                    }\n\n                    \/\/ CLOSE (Hide)\n                    if (e.target && e.target.classList.contains('hide-btn')) {\n                        e.preventDefault();\n                        var hideBtn = e.target;\n                        var parent = hideBtn.closest('.property-excerpt');\n                        var dots = parent.querySelector('.excerpt-dots');\n                        var hiddenSpan = parent.querySelector('.excerpt-hidden-content');\n                        var readMoreBtn = parent.querySelector('.read-more-btn');\n                        \n                        \/\/ Fade out first\n                        hiddenSpan.style.opacity = '0';\n                        \n                        \/\/ Wait for transition to finish, then hide element\n                        setTimeout(function(){\n                            hiddenSpan.style.display = 'none';\n                            \n                            \/\/ Bring back dots and Read More\n                            if(dots) dots.style.display = 'inline';\n                            if(readMoreBtn) readMoreBtn.style.display = 'inline';\n                        }, 500); \/\/ 500ms matches the CSS transition time\n                    }\n                });\n            }\n        });\n        <\/script>\n        <\/div>\n\t\t\t\t\t\t<\/div>\n\t\t\t\t<\/div>\n\t\t\t\t<\/div>\n\t\t\t\t\t<\/div>\n\t\t\t\t<\/div>\n\t\t\t\t<\/div>\n\t\t\t\t<\/div>\n\t\t","protected":false},"excerpt":{"rendered":"<p>Immobilien zur Miete Entdecken Sie unsere exklusive Auswahl an Apartments und Villen auf Sardinien.<\/p>\n","protected":false},"author":1,"featured_media":0,"parent":0,"menu_order":0,"comment_status":"closed","ping_status":"closed","template":"","meta":{"footnotes":""},"class_list":["post-2696","page","type-page","status-publish","hentry"],"acf":[],"_links":{"self":[{"href":"https:\/\/sardasmeralda.com\/de\/wp-json\/wp\/v2\/pages\/2696","targetHints":{"allow":["GET"]}}],"collection":[{"href":"https:\/\/sardasmeralda.com\/de\/wp-json\/wp\/v2\/pages"}],"about":[{"href":"https:\/\/sardasmeralda.com\/de\/wp-json\/wp\/v2\/types\/page"}],"author":[{"embeddable":true,"href":"https:\/\/sardasmeralda.com\/de\/wp-json\/wp\/v2\/users\/1"}],"replies":[{"embeddable":true,"href":"https:\/\/sardasmeralda.com\/de\/wp-json\/wp\/v2\/comments?post=2696"}],"version-history":[{"count":11,"href":"https:\/\/sardasmeralda.com\/de\/wp-json\/wp\/v2\/pages\/2696\/revisions"}],"predecessor-version":[{"id":17819,"href":"https:\/\/sardasmeralda.com\/de\/wp-json\/wp\/v2\/pages\/2696\/revisions\/17819"}],"wp:attachment":[{"href":"https:\/\/sardasmeralda.com\/de\/wp-json\/wp\/v2\/media?parent=2696"}],"curies":[{"name":"wp","href":"https:\/\/api.w.org\/{rel}","templated":true}]}}