{"id":17651,"date":"2025-12-03T13:13:06","date_gmt":"2025-12-03T13:13:06","guid":{"rendered":"https:\/\/sardasmeralda.com\/partners2\/"},"modified":"2026-02-26T19:24:03","modified_gmt":"2026-02-26T19:24:03","slug":"partners","status":"publish","type":"page","link":"https:\/\/sardasmeralda.com\/de\/partners\/","title":{"rendered":"Partners"},"content":{"rendered":"\t\t<div data-elementor-type=\"wp-page\" data-elementor-id=\"17651\" class=\"elementor elementor-17651 elementor-17239\">\n\t\t\t\t<div class=\"elementor-element elementor-element-1fc433b e-flex e-con-boxed wpr-particle-no wpr-jarallax-no wpr-parallax-no wpr-sticky-section-no wpr-equal-height-no e-con e-parent\" data-id=\"1fc433b\" data-element_type=\"container\" data-e-type=\"container\" data-settings=\"{&quot;background_background&quot;:&quot;classic&quot;}\">\n\t\t\t\t\t<div class=\"e-con-inner\">\n\t\t\t\t<div class=\"elementor-element elementor-element-da4f506 elementor-widget elementor-widget-heading\" data-id=\"da4f506\" data-element_type=\"widget\" data-e-type=\"widget\" data-widget_type=\"heading.default\">\n\t\t\t\t<div class=\"elementor-widget-container\">\n\t\t\t\t\t<h2 class=\"elementor-heading-title elementor-size-default\">Partners<\/h2>\t\t\t\t<\/div>\n\t\t\t\t<\/div>\n\t\t\t\t<div class=\"elementor-element elementor-element-1916dec elementor-widget elementor-widget-spacer\" data-id=\"1916dec\" data-element_type=\"widget\" data-e-type=\"widget\" data-widget_type=\"spacer.default\">\n\t\t\t\t<div class=\"elementor-widget-container\">\n\t\t\t\t\t\t\t<div class=\"elementor-spacer\">\n\t\t\t<div class=\"elementor-spacer-inner\"><\/div>\n\t\t<\/div>\n\t\t\t\t\t\t<\/div>\n\t\t\t\t<\/div>\n\t\t<div class=\"elementor-element elementor-element-52f05a3 e-con-full e-flex wpr-particle-no wpr-jarallax-no wpr-parallax-no wpr-sticky-section-no wpr-equal-height-no e-con e-child\" data-id=\"52f05a3\" data-element_type=\"container\" data-e-type=\"container\" data-settings=\"{&quot;background_background&quot;:&quot;classic&quot;}\">\n\t\t<div class=\"elementor-element elementor-element-74afba7 e-con-full e-flex wpr-particle-no wpr-jarallax-no wpr-parallax-no wpr-sticky-section-no wpr-equal-height-no e-con e-child\" data-id=\"74afba7\" data-element_type=\"container\" data-e-type=\"container\">\n\t\t\t\t<div class=\"elementor-element elementor-element-2c6ebfe elementor-widget elementor-widget-image\" data-id=\"2c6ebfe\" data-element_type=\"widget\" data-e-type=\"widget\" data-widget_type=\"image.default\">\n\t\t\t\t<div class=\"elementor-widget-container\">\n\t\t\t\t\t\t\t\t\t\t\t\t\t\t\t<img decoding=\"async\" width=\"325\" height=\"47\" src=\"https:\/\/sardasmeralda.com\/wp-content\/uploads\/2025\/12\/Interieursolon-Simone-Weiss-Logo-1.png\" class=\"attachment-large size-large wp-image-17217\" alt=\"\" srcset=\"https:\/\/sardasmeralda.com\/wp-content\/uploads\/2025\/12\/Interieursolon-Simone-Weiss-Logo-1.png 325w, https:\/\/sardasmeralda.com\/wp-content\/uploads\/2025\/12\/Interieursolon-Simone-Weiss-Logo-1-300x43.png 300w\" sizes=\"(max-width: 325px) 100vw, 325px\" \/>\t\t\t\t\t\t\t\t\t\t\t\t\t\t\t<\/div>\n\t\t\t\t<\/div>\n\t\t\t\t<\/div>\n\t\t<div class=\"elementor-element elementor-element-f29ebc8 e-con-full e-flex wpr-particle-no wpr-jarallax-no wpr-parallax-no wpr-sticky-section-no wpr-equal-height-no e-con e-child\" data-id=\"f29ebc8\" data-element_type=\"container\" data-e-type=\"container\">\n\t\t\t\t<div class=\"elementor-element elementor-element-572eb6a elementor-widget elementor-widget-image\" data-id=\"572eb6a\" data-element_type=\"widget\" data-e-type=\"widget\" data-widget_type=\"image.default\">\n\t\t\t\t<div class=\"elementor-widget-container\">\n\t\t\t\t\t\t\t\t\t\t\t\t\t\t\t<img fetchpriority=\"high\" decoding=\"async\" width=\"328\" height=\"332\" src=\"https:\/\/sardasmeralda.com\/wp-content\/uploads\/2026\/02\/brand.jpeg\" class=\"attachment-large size-large wp-image-19666\" alt=\"\" srcset=\"https:\/\/sardasmeralda.com\/wp-content\/uploads\/2026\/02\/brand.jpeg 328w, https:\/\/sardasmeralda.com\/wp-content\/uploads\/2026\/02\/brand-296x300.jpeg 296w\" sizes=\"(max-width: 328px) 100vw, 328px\" \/>\t\t\t\t\t\t\t\t\t\t\t\t\t\t\t<\/div>\n\t\t\t\t<\/div>\n\t\t\t\t<\/div>\n\t\t<div class=\"elementor-element elementor-element-7d64184 e-con-full e-flex wpr-particle-no wpr-jarallax-no wpr-parallax-no wpr-sticky-section-no wpr-equal-height-no e-con e-child\" data-id=\"7d64184\" data-element_type=\"container\" data-e-type=\"container\">\n\t\t\t\t<div class=\"elementor-element elementor-element-c0adc8c elementor-widget elementor-widget-image\" data-id=\"c0adc8c\" data-element_type=\"widget\" data-e-type=\"widget\" data-widget_type=\"image.default\">\n\t\t\t\t<div class=\"elementor-widget-container\">\n\t\t\t\t\t\t\t\t\t\t\t\t\t\t\t<img decoding=\"async\" width=\"1024\" height=\"1024\" src=\"https:\/\/sardasmeralda.com\/wp-content\/uploads\/2026\/02\/WhatsApp-Image-2026-02-20-at-9.42.34-PM-1-1024x1024.jpeg\" class=\"attachment-large size-large wp-image-19675\" alt=\"\" srcset=\"https:\/\/sardasmeralda.com\/wp-content\/uploads\/2026\/02\/WhatsApp-Image-2026-02-20-at-9.42.34-PM-1-1024x1024.jpeg 1024w, https:\/\/sardasmeralda.com\/wp-content\/uploads\/2026\/02\/WhatsApp-Image-2026-02-20-at-9.42.34-PM-1-300x300.jpeg 300w, https:\/\/sardasmeralda.com\/wp-content\/uploads\/2026\/02\/WhatsApp-Image-2026-02-20-at-9.42.34-PM-1-150x150.jpeg 150w, https:\/\/sardasmeralda.com\/wp-content\/uploads\/2026\/02\/WhatsApp-Image-2026-02-20-at-9.42.34-PM-1-768x768.jpeg 768w, https:\/\/sardasmeralda.com\/wp-content\/uploads\/2026\/02\/WhatsApp-Image-2026-02-20-at-9.42.34-PM-1-1536x1536.jpeg 1536w, https:\/\/sardasmeralda.com\/wp-content\/uploads\/2026\/02\/WhatsApp-Image-2026-02-20-at-9.42.34-PM-1.jpeg 1600w\" sizes=\"(max-width: 1024px) 100vw, 1024px\" \/>\t\t\t\t\t\t\t\t\t\t\t\t\t\t\t<\/div>\n\t\t\t\t<\/div>\n\t\t\t\t<\/div>\n\t\t<div class=\"elementor-element elementor-element-e6f403c e-con-full e-flex wpr-particle-no wpr-jarallax-no wpr-parallax-no wpr-sticky-section-no wpr-equal-height-no e-con e-child\" data-id=\"e6f403c\" data-element_type=\"container\" data-e-type=\"container\">\n\t\t\t\t<div class=\"elementor-element elementor-element-81326bc elementor-widget elementor-widget-image\" data-id=\"81326bc\" data-element_type=\"widget\" data-e-type=\"widget\" data-widget_type=\"image.default\">\n\t\t\t\t<div class=\"elementor-widget-container\">\n\t\t\t\t\t\t\t\t\t\t\t\t\t\t\t\t<a href=\"https:\/\/sardasmeralda.com\/wp-content\/uploads\/2026\/02\/Brochure-1st-model-GTSNYV02.pdf\">\n\t\t\t\t\t\t\t<img loading=\"lazy\" decoding=\"async\" width=\"904\" height=\"1024\" src=\"https:\/\/sardasmeralda.com\/wp-content\/uploads\/2026\/02\/snv-904x1024.png\" class=\"attachment-large size-large wp-image-20080\" alt=\"\" srcset=\"https:\/\/sardasmeralda.com\/wp-content\/uploads\/2026\/02\/snv-904x1024.png 904w, https:\/\/sardasmeralda.com\/wp-content\/uploads\/2026\/02\/snv-265x300.png 265w, https:\/\/sardasmeralda.com\/wp-content\/uploads\/2026\/02\/snv-768x870.png 768w, https:\/\/sardasmeralda.com\/wp-content\/uploads\/2026\/02\/snv.png 1087w\" sizes=\"(max-width: 904px) 100vw, 904px\" \/>\t\t\t\t\t\t\t\t<\/a>\n\t\t\t\t\t\t\t\t\t\t\t\t\t\t\t<\/div>\n\t\t\t\t<\/div>\n\t\t\t\t<\/div>\n\t\t\t\t<\/div>\n\t\t\t\t\t<\/div>\n\t\t\t\t<\/div>\n\t\t<div class=\"elementor-element elementor-element-96665f7 e-flex e-con-boxed wpr-particle-no wpr-jarallax-no wpr-parallax-no wpr-sticky-section-no wpr-equal-height-no e-con e-parent\" data-id=\"96665f7\" data-element_type=\"container\" data-e-type=\"container\">\n\t\t\t\t\t<div class=\"e-con-inner\">\n\t\t<div class=\"elementor-element elementor-element-8b16643 e-con-full e-flex wpr-particle-no wpr-jarallax-no wpr-parallax-no wpr-sticky-section-no wpr-equal-height-no e-con e-child\" data-id=\"8b16643\" data-element_type=\"container\" data-e-type=\"container\">\n\t\t\t\t<div class=\"elementor-element elementor-element-b192687 elementor-widget elementor-widget-heading\" data-id=\"b192687\" data-element_type=\"widget\" data-e-type=\"widget\" data-widget_type=\"heading.default\">\n\t\t\t\t<div class=\"elementor-widget-container\">\n\t\t\t\t\t<h2 class=\"elementor-heading-title elementor-size-default\">Ihr Traum \u2013 unsere Mission\n<\/h2>\t\t\t\t<\/div>\n\t\t\t\t<\/div>\n\t\t\t\t<div class=\"elementor-element elementor-element-1fdd19e elementor-widget elementor-widget-text-editor\" data-id=\"1fdd19e\" data-element_type=\"widget\" data-e-type=\"widget\" data-widget_type=\"text-editor.default\">\n\t\t\t\t<div class=\"elementor-widget-container\">\n\t\t\t\t\t\t\t\t\t<p>Eine Immobilie zu kaufen bedeutet nicht nur, in Stein und Struktur zu investieren \u2013 es bedeutet, in ein neues Lebensgef\u00fchl einzutauchen. Ein Ort, an dem Sehns\u00fcchte Gestalt annehmen, an dem Zukunft entsteht. Genau deshalb begleiten wir Sie mit einem Service, der nicht bei der Vermittlung endet, sondern dort beginnt, wo Ihre Tr\u00e4ume leben.<\/p><p>Mit einem liebevoll ausgew\u00e4hlten Netzwerk aus erfahrenen Baufirmen, inspirierenden Interior Designern, verl\u00e4sslichen Geometern und kreativen Architekten stehen wir an Ihrer Seite, um Ihrer Vision Raum zu geben. Ob Neubau, Renovierung oder individuelle Gestaltung \u2013 wir gehen Schritt f\u00fcr Schritt mit Ihnen, bis sich Ihre Idee in ein Zuhause verwandelt, das sich wirklich nach Ihnen anf\u00fchlt.<\/p><p>Auch bei allen rechtlichen und steuerlichen Fragen tragen unsere Experten dazu bei, dass Sie sich jederzeit sicher und gut aufgehoben f\u00fchlen. So wird Ihr Weg zum Traumhaus auf Sardinien zu einer Reise voller Vorfreude, Vertrauen und Begeisterung \u2013 vom ersten Staunen bei der Besichtigung bis zu dem Moment, in dem Sie den Schl\u00fcssel in H\u00e4nden halten und wissen: Hier beginnt etwas\u00a0Wundersch\u00f6nes.<\/p>\t\t\t\t\t\t\t\t<\/div>\n\t\t\t\t<\/div>\n\t\t\t\t<\/div>\n\t\t\t\t\t<\/div>\n\t\t\t\t<\/div>\n\t\t\t\t<\/div>\n\t\t","protected":false},"excerpt":{"rendered":"<p>Partners Ihr Traum \u2013 unsere Mission Eine Immobilie zu kaufen bedeutet nicht nur, in Stein und Struktur zu investieren \u2013 es bedeutet, in ein neues Lebensgef\u00fchl einzutauchen. Ein Ort, an dem Sehns\u00fcchte Gestalt annehmen, an dem Zukunft entsteht. Genau deshalb begleiten wir Sie mit einem Service, der nicht bei der Vermittlung endet, sondern dort beginnt, wo Ihre Tr\u00e4ume leben. Mit einem liebevoll ausgew\u00e4hlten Netzwerk aus erfahrenen Baufirmen, inspirierenden Interior Designern, verl\u00e4sslichen Geometern und kreativen Architekten stehen wir an Ihrer Seite, um Ihrer Vision Raum zu geben. Ob Neubau, Renovierung oder individuelle Gestaltung \u2013 wir gehen Schritt f\u00fcr Schritt mit Ihnen, bis sich Ihre Idee in ein Zuhause verwandelt, das sich wirklich nach Ihnen anf\u00fchlt. Auch bei allen rechtlichen und steuerlichen Fragen tragen unsere Experten dazu bei, dass Sie sich jederzeit sicher und gut aufgehoben f\u00fchlen. So wird Ihr Weg zum Traumhaus auf Sardinien zu einer Reise voller Vorfreude, Vertrauen und Begeisterung \u2013 vom ersten Staunen bei der Besichtigung bis zu dem Moment, in dem Sie den Schl\u00fcssel in H\u00e4nden halten und wissen: Hier beginnt etwas\u00a0Wundersch\u00f6nes.<\/p>\n","protected":false},"author":1,"featured_media":0,"parent":0,"menu_order":0,"comment_status":"closed","ping_status":"closed","template":"","meta":{"footnotes":""},"class_list":["post-17651","page","type-page","status-publish","hentry"],"acf":[],"_links":{"self":[{"href":"https:\/\/sardasmeralda.com\/de\/wp-json\/wp\/v2\/pages\/17651","targetHints":{"allow":["GET"]}}],"collection":[{"href":"https:\/\/sardasmeralda.com\/de\/wp-json\/wp\/v2\/pages"}],"about":[{"href":"https:\/\/sardasmeralda.com\/de\/wp-json\/wp\/v2\/types\/page"}],"author":[{"embeddable":true,"href":"https:\/\/sardasmeralda.com\/de\/wp-json\/wp\/v2\/users\/1"}],"replies":[{"embeddable":true,"href":"https:\/\/sardasmeralda.com\/de\/wp-json\/wp\/v2\/comments?post=17651"}],"version-history":[{"count":45,"href":"https:\/\/sardasmeralda.com\/de\/wp-json\/wp\/v2\/pages\/17651\/revisions"}],"predecessor-version":[{"id":20133,"href":"https:\/\/sardasmeralda.com\/de\/wp-json\/wp\/v2\/pages\/17651\/revisions\/20133"}],"wp:attachment":[{"href":"https:\/\/sardasmeralda.com\/de\/wp-json\/wp\/v2\/media?parent=17651"}],"curies":[{"name":"wp","href":"https:\/\/api.w.org\/{rel}","templated":true}]}}